{"id":313,"date":"2025-01-14T14:02:24","date_gmt":"2025-01-14T14:02:24","guid":{"rendered":"https:\/\/boutin.happidev10.ovh\/nous-contacter\/"},"modified":"2025-06-10T06:50:53","modified_gmt":"2025-06-10T06:50:53","slug":"nous-contacter","status":"publish","type":"page","link":"https:\/\/domainesmichelboutin.com\/es\/nous-contacter\/","title":{"rendered":"P\u00f3ngase en contacto con nosotros"},"content":{"rendered":"\t\t<div data-elementor-type=\"wp-page\" data-elementor-id=\"313\" class=\"elementor elementor-313 elementor-50\" data-elementor-post-type=\"page\">\n\t\t\t\t<div class=\"elementor-element elementor-element-8254c86 e-flex e-con-boxed e-con e-parent\" data-id=\"8254c86\" data-element_type=\"container\" data-e-type=\"container\" data-settings=\"{&quot;jet_parallax_layout_list&quot;:[]}\">\n\t\t\t\t\t<div class=\"e-con-inner\">\n\t\t\t\t<div class=\"elementor-element elementor-element-5bb1387 elementor-widget elementor-widget-heading\" data-id=\"5bb1387\" data-element_type=\"widget\" data-e-type=\"widget\" data-widget_type=\"heading.default\">\n\t\t\t\t\t<h1 class=\"elementor-heading-title elementor-size-default\">P\u00f3ngase en contacto con<\/h1>\t\t\t\t<\/div>\n\t\t\t\t<div class=\"elementor-element elementor-element-ebf19c2 elementor-widget elementor-widget-text-editor\" data-id=\"ebf19c2\" data-element_type=\"widget\" data-e-type=\"widget\" data-widget_type=\"text-editor.default\">\n\t\t\t\t\t\t\t\t\t<p data-start=\"98\" data-end=\"312\"><strong>Un equipo disponible en cualquier lugar del mundo<\/strong><\/p><p data-start=\"98\" data-end=\"312\">Nuestro equipo de ventas puede prestarle asistencia en cualquier lugar, gracias a nuestra presencia internacional y a nuestras oficinas en Francia, Espa\u00f1a y Estados Unidos.<\/p><p data-start=\"314\" data-end=\"478\">\u00bfTiene alguna pregunta, proyecto u oportunidad de colaboraci\u00f3n?<\/p><p data-start=\"314\" data-end=\"478\">Estamos aqu\u00ed para escucharle y darle una respuesta r\u00e1pida, clara y profesional.<\/p>\t\t\t\t\t\t\t\t<\/div>\n\t\t\t\t\t<\/div>\n\t\t\t\t<\/div>\n\t\t<div class=\"elementor-element elementor-element-c9152f8 e-con-full e-flex e-con e-parent\" data-id=\"c9152f8\" data-element_type=\"container\" data-e-type=\"container\" data-settings=\"{&quot;jet_parallax_layout_list&quot;:[]}\">\n\t\t<div class=\"elementor-element elementor-element-eb4375b e-con-full e-flex e-con e-child\" data-id=\"eb4375b\" data-element_type=\"container\" data-e-type=\"container\" data-settings=\"{&quot;jet_parallax_layout_list&quot;:[]}\">\n\t\t\t\t<div class=\"elementor-element elementor-element-281c4e35 elementor-button-align-center elementor-widget elementor-widget-form\" data-id=\"281c4e35\" data-element_type=\"widget\" data-e-type=\"widget\" data-settings=\"{&quot;step_next_label&quot;:&quot;Siguiente&quot;,&quot;step_previous_label&quot;:&quot;Anterior&quot;,&quot;button_width&quot;:&quot;100&quot;,&quot;step_type&quot;:&quot;number_text&quot;,&quot;step_icon_shape&quot;:&quot;circle&quot;,&quot;label_icon_size&quot;:{&quot;unit&quot;:&quot;px&quot;,&quot;size&quot;:&quot;&quot;,&quot;sizes&quot;:[]},&quot;field_icon_size&quot;:{&quot;unit&quot;:&quot;px&quot;,&quot;size&quot;:&quot;&quot;,&quot;sizes&quot;:[]}}\" data-widget_type=\"form.default\">\n\t\t\t\t\t<div class=\"dce-conditions-js-error-notice elementor-message elementor-message-danger\" style=\"display: none;\">A problem was detected in the following Form. Submitting it could result in errors. Please contact the site administrator.<\/div>\t\t\t<script>\n\t\t\tsetTimeout(function() {\n\t\t\t\tlet el = document.querySelector(\".dce-conditions-js-error-notice\");\n\t\t\t\tif (el)\n\t\t\t\t\tel.style.display = \"block\";\n\t\t\t}, 6000);\n\t\t\t<\/script>\t\t<form class=\"elementor-form\" method=\"post\" name=\"Formulario de contacto\" aria-label=\"Formulario de contacto\">\n\t\t\t<input type=\"hidden\" name=\"post_id\" value=\"313\"\/>\n\t\t\t<input type=\"hidden\" name=\"form_id\" value=\"281c4e35\"\/>\n\t\t\t<input type=\"hidden\" name=\"referer_title\" value=\"P\u00f3ngase en contacto con nosotros - Domaine Michel Boutin\" \/>\n\n\t\t\t\t\t\t\t<input type=\"hidden\" name=\"queried_id\" value=\"313\"\/>\n\t\t\t\n\t\t\t<div data-autocomplete-fields=\"[{&quot;id&quot;:&quot;field_990c4db&quot;}]\" data-field-conditions=\"[{&quot;id&quot;:&quot;field_68fffd2&quot;,&quot;condition&quot;:&quot;(field_b743cd7 ==  &#039;Autre&#039;)&quot;,&quot;mode&quot;:&quot;show&quot;,&quot;disableOnly&quot;:false}]\" data-field-ids=\"[&quot;name&quot;,&quot;field_361dc4c&quot;,&quot;email&quot;,&quot;field_990c4db&quot;,&quot;field_4c18ab0&quot;,&quot;field_6c180a9&quot;,&quot;field_b743cd7&quot;,&quot;field_68fffd2&quot;,&quot;message&quot;,&quot;field_8ae2f13&quot;,&quot;field_62fa509&quot;,&quot;field_a89b9f9&quot;]\" class=\"elementor-form-fields-wrapper elementor-labels-above\">\n\t\t\t\t\t\t\t\t<div class=\"elementor-field-type-text elementor-field-group elementor-column elementor-field-group-name elementor-col-50 elementor-field-required\">\n\t\t\t\t\t\t\t\t\t\t\t\t\t<input size=\"1\" type=\"text\" name=\"form_fields[name]\" id=\"form-field-name\" class=\"elementor-field elementor-size-sm  elementor-field-textual\" placeholder=\"Nombre\" required=\"required\">\n\t\t\t\t\t\t\t\t\t\t\t<\/div>\n\t\t\t\t\t\t\t\t<div class=\"elementor-field-type-text elementor-field-group elementor-column elementor-field-group-field_361dc4c elementor-col-50 elementor-field-required\">\n\t\t\t\t\t\t\t\t\t\t\t\t\t<input size=\"1\" type=\"text\" name=\"form_fields[field_361dc4c]\" id=\"form-field-field_361dc4c\" class=\"elementor-field elementor-size-sm  elementor-field-textual\" placeholder=\"Nombre\" required=\"required\">\n\t\t\t\t\t\t\t\t\t\t\t<\/div>\n\t\t\t\t\t\t\t\t<div class=\"elementor-field-type-text elementor-field-group elementor-column elementor-field-group-email elementor-col-50\">\n\t\t\t\t\t\t\t\t\t\t\t\t\t<input size=\"1\" type=\"text\" name=\"form_fields[email]\" id=\"form-field-email\" class=\"elementor-field elementor-size-sm  elementor-field-textual\" placeholder=\"Empresa\">\n\t\t\t\t\t\t\t\t\t\t\t<\/div>\n\t\t\t\t\t\t\t\t<div class=\"elementor-field-type-text elementor-field-group elementor-column elementor-field-group-field_990c4db elementor-col-50\">\n\t\t\t\t\t\t\t\t\t\t\t\t\t<input size=\"1\" type=\"text\" name=\"form_fields[field_990c4db]\" id=\"form-field-field_990c4db\" class=\"elementor-field elementor-size-sm  elementor-field-textual\" placeholder=\"Ciudad - Pa\u00eds\">\n\t\t\t\t\t\t\t\t\t\t\t<\/div>\n\t\t\t\t\t\t\t\t<div class=\"elementor-field-type-email elementor-field-group elementor-column elementor-field-group-field_4c18ab0 elementor-col-50 elementor-field-required\">\n\t\t\t\t\t\t\t\t\t\t\t\t\t<input size=\"1\" type=\"email\" name=\"form_fields[field_4c18ab0]\" id=\"form-field-field_4c18ab0\" class=\"elementor-field elementor-size-sm  elementor-field-textual\" placeholder=\"Correo electr\u00f3nico\" required=\"required\">\n\t\t\t\t\t\t\t\t\t\t\t<\/div>\n\t\t\t\t\t\t\t\t<div class=\"elementor-field-type-telephone elementor-field-group elementor-column elementor-field-group-field_6c180a9 elementor-col-50 elementor-field-required\">\n\t\t\t\t\t\t\t<input dir=\"ltr\" type=\"text\" name=\"change_name_field_6c180a9\" id=\"form-field-field_6c180a9\" class=\"elementor-field elementor-size-sm  elementor-field-telephone elementor-field-textual yee-ltr\" required=\"required\" data-pre=\"us|gb|fr\" data-excludeCountries=\"\" data-onlyct=\"\" data-defcountry=\"fr\" data-hide_flag=\"\" data-hide_code=\"\" data-validation=\"yes\" data-name=\"field_6c180a9\" data-telephone_search=\"\" >\n\t\t<input onkeydown=\"return \/[0-9]|\\(|\\)|\\+|-|BACKSPACE\/i.test(event.key)\" type=\"hidden\" class=\"phone_check\" name=\"form_fields[field_6c180a9_check]\" value=\"\" >\n\t\t\t\t\t\t<\/div>\n\t\t\t\t\t\t\t\t<div class=\"elementor-field-type-select elementor-field-group elementor-column elementor-field-group-field_b743cd7 elementor-col-100 elementor-field-required\">\n\t\t\t\t\t\t\t\t\t\t\t\t<label for=\"form-field-field_b743cd7\" class=\"elementor-field-label\">\n\t\t\t\t\t\t\t\tSu categor\u00eda profesional :\t\t\t\t\t\t\t<\/label>\n\t\t\t\t\t\t\t\t<div class=\"elementor-field elementor-select-wrapper remove-before \">\n\t\t\t<div class=\"select-caret-down-wrapper\">\n\t\t\t\t<svg aria-hidden=\"true\" class=\"e-font-icon-svg e-eicon-caret-down\" viewBox=\"0 0 571.4 571.4\" xmlns=\"http:\/\/www.w3.org\/2000\/svg\"><path d=\"M571 393Q571 407 561 418L311 668Q300 679 286 679T261 668L11 418Q0 407 0 393T11 368 36 357H536Q550 357 561 368T571 393Z\"><\/path><\/svg>\t\t\t<\/div>\n\t\t\t<select name=\"form_fields[field_b743cd7]\" id=\"form-field-field_b743cd7\" class=\"elementor-field-textual elementor-size-sm\" required=\"required\">\n\t\t\t\t\t\t\t\t\t<option value=\"Seleccione su categor\u00eda\">Seleccione su categor\u00eda<\/option>\n\t\t\t\t\t\t\t\t\t<option value=\"Caviste\">Caviste<\/option>\n\t\t\t\t\t\t\t\t\t<option value=\"Restaurateur \/ H\u00f4telier\">Restaurateur \/ H\u00f4telier<\/option>\n\t\t\t\t\t\t\t\t\t<option value=\"Sumiller independiente\">Sumiller independiente<\/option>\n\t\t\t\t\t\t\t\t\t<option value=\"Importador \/ Distribuidor\">Importador \/ Distribuidor<\/option>\n\t\t\t\t\t\t\t\t\t<option value=\"Agente comercial (vino)\">Agente comercial (vino)<\/option>\n\t\t\t\t\t\t\t\t\t<option value=\"Organizador de eventos \/ Catering\">Organizador de eventos \/ Catering<\/option>\n\t\t\t\t\t\t\t\t\t<option value=\"Medios de comunicaci\u00f3n\">Medios de comunicaci\u00f3n<\/option>\n\t\t\t\t\t\t\t\t\t<option value=\"Otros\">Otros<\/option>\n\t\t\t\t\t\t\t\t\t<option value=\"\"><\/option>\n\t\t\t\t\t\t\t<\/select>\n\t\t<\/div>\n\t\t\t\t\t\t<\/div>\n\t\t\t\t\t\t\t\t<div class=\"elementor-field-type-text elementor-field-group elementor-column elementor-field-group-field_68fffd2 elementor-col-40 elementor-field-required\">\n\t\t\t\t\t\t\t\t\t\t\t\t<label for=\"form-field-field_68fffd2\" class=\"elementor-field-label\">\n\t\t\t\t\t\t\t\t \t\t\t\t\t\t\t<\/label>\n\t\t\t\t\t\t\t\t\t\t\t\t\t\t<input size=\"1\" type=\"text\" name=\"form_fields[field_68fffd2]\" id=\"form-field-field_68fffd2\" class=\"elementor-field elementor-size-sm  elementor-field-textual\" placeholder=\"Especifique\" required=\"required\">\n\t\t\t\t\t\t\t\t\t\t\t<\/div>\n\t\t\t\t\t\t\t\t<div class=\"elementor-field-type-textarea elementor-field-group elementor-column elementor-field-group-message elementor-col-100\">\n\t\t\t\t\t<textarea class=\"elementor-field-textual elementor-field  elementor-size-sm\" name=\"form_fields[message]\" id=\"form-field-message\" rows=\"4\" placeholder=\"A\u00f1ade la informaci\u00f3n que consideres importante...\"><\/textarea>\t\t\t\t<\/div>\n\t\t\t\t\t\t\t\t<div class=\"elementor-field-type-acceptance elementor-field-group elementor-column elementor-field-group-field_8ae2f13 elementor-col-100\">\n\t\t\t\t\t\t\t<div class=\"elementor-field-subgroup\">\n\t\t\t<span class=\"elementor-field-option\">\n\t\t\t\t<input type=\"checkbox\" name=\"form_fields[field_8ae2f13]\" id=\"form-field-field_8ae2f13\" class=\"elementor-field elementor-size-sm  elementor-acceptance-field\">\n\t\t\t\t<label for=\"form-field-field_8ae2f13\">Al marcar esta casilla, acepta<a href=\"https:\/\/domainesmichelboutin.com\/es\/politique-de-confidentialite\/\"> la pol\u00edtica de confidencialidad del sitio.<\/label>\t\t\t<\/span>\n\t\t<\/div>\n\t\t\t\t\t\t<\/div>\n\t\t\t\t\t\t\t\t<div class=\"elementor-field-type-text\">\n\t\t\t\t\t<input size=\"1\" type=\"text\" name=\"form_fields[field_62fa509]\" id=\"form-field-field_62fa509\" class=\"elementor-field elementor-size-sm \" style=\"display:none !important;\">\t\t\t\t<\/div>\n\t\t\t\t\t\t\t\t<div class=\"elementor-field-type-recaptcha_v3 elementor-field-group elementor-column elementor-field-group-field_a89b9f9 elementor-col-100 recaptcha_v3-bottomright\">\n\t\t\t\t\t<div class=\"elementor-field\" id=\"form-field-field_a89b9f9\"><div class=\"elementor-g-recaptcha\" data-sitekey=\"6LegbVUrAAAAAG7paE9SkJ4CUtZ5xuvJKIYuG5Li\" data-type=\"v3\" data-action=\"Form\" data-badge=\"bottomright\" data-size=\"invisible\"><\/div><\/div>\t\t\t\t<\/div>\n\t\t\t\t\t\t\t\t<div class=\"elementor-field-group elementor-column elementor-field-type-submit elementor-col-100 e-form__buttons\">\n\t\t\t\t\t<button class=\"elementor-button elementor-size-sm elementor-animation-grow\" type=\"submit\">\n\t\t\t\t\t\t<span class=\"elementor-button-content-wrapper\">\n\t\t\t\t\t\t\t\t\t\t\t\t\t\t\t\t\t\t\t\t\t\t<span class=\"elementor-button-text\">Enviar<\/span>\n\t\t\t\t\t\t\t\t\t\t\t\t\t<\/span>\n\t\t\t\t\t<\/button>\n\t\t\t\t<\/div>\n\t\t\t<\/div>\n\t\t<\/form>\n\t\t\t\t\t\t<\/div>\n\t\t\t\t<\/div>\n\t\t<div class=\"elementor-element elementor-element-2669bbb e-con-full e-flex e-con e-child\" data-id=\"2669bbb\" data-element_type=\"container\" data-e-type=\"container\" data-settings=\"{&quot;jet_parallax_layout_list&quot;:[],&quot;sticky&quot;:&quot;top&quot;,&quot;sticky_parent&quot;:&quot;yes&quot;,&quot;sticky_on&quot;:[&quot;desktop&quot;,&quot;tablet_extra&quot;,&quot;tablet&quot;,&quot;mobile_extra&quot;,&quot;mobile&quot;],&quot;sticky_offset&quot;:0,&quot;sticky_effects_offset&quot;:0,&quot;sticky_anchor_link_offset&quot;:0}\">\n\t\t<div class=\"elementor-element elementor-element-57abe9a e-con-full e-flex e-con e-child\" data-id=\"57abe9a\" data-element_type=\"container\" data-e-type=\"container\" data-settings=\"{&quot;jet_parallax_layout_list&quot;:[]}\">\n\t\t\t\t<div data-dce-title-color=\"#000000\" class=\"elementor-element elementor-element-be8976e elementor-widget elementor-widget-heading\" data-id=\"be8976e\" data-element_type=\"widget\" data-e-type=\"widget\" data-widget_type=\"heading.default\">\n\t\t\t\t\t<h5 class=\"elementor-heading-title elementor-size-default\">Ubicaci\u00f3n<\/h5>\t\t\t\t<\/div>\n\t\t\t\t<div data-dce-text-color=\"#000000\" class=\"elementor-element elementor-element-65bd01a elementor-widget elementor-widget-text-editor\" data-id=\"65bd01a\" data-element_type=\"widget\" data-e-type=\"widget\" data-widget_type=\"text-editor.default\">\n\t\t\t\t\t\t\t\t\t<p><span data-olk-copy-source=\"MessageBody\">330 Route de la Chapelle de Rousse &#8211; 64290 GAN \/ Francia<\/span><\/p>\t\t\t\t\t\t\t\t<\/div>\n\t\t\t\t<\/div>\n\t\t<div class=\"elementor-element elementor-element-d5d15be e-con-full e-flex e-con e-child\" data-id=\"d5d15be\" data-element_type=\"container\" data-e-type=\"container\" data-settings=\"{&quot;jet_parallax_layout_list&quot;:[]}\">\n\t\t\t\t<div data-dce-title-color=\"#000000\" class=\"elementor-element elementor-element-646d496 elementor-widget elementor-widget-heading\" data-id=\"646d496\" data-element_type=\"widget\" data-e-type=\"widget\" data-widget_type=\"heading.default\">\n\t\t\t\t\t<h5 class=\"elementor-heading-title elementor-size-default\">P\u00f3ngase en contacto con  <\/h5>\t\t\t\t<\/div>\n\t\t\t\t<div data-dce-text-color=\"#000000\" class=\"elementor-element elementor-element-cd0442d elementor-widget elementor-widget-text-editor\" data-id=\"cd0442d\" data-element_type=\"widget\" data-e-type=\"widget\" data-widget_type=\"text-editor.default\">\n\t\t\t\t\t\t\t\t\t<p><span data-olk-copy-source=\"MessageBody\">+33 (0)5.59.21.72.79<\/span><br>contact@domainesboutin.fr<\/p>\t\t\t\t\t\t\t\t<\/div>\n\t\t\t\t<\/div>\n\t\t<div class=\"elementor-element elementor-element-7e24b1f e-con-full e-flex e-con e-child\" data-id=\"7e24b1f\" data-element_type=\"container\" data-e-type=\"container\" data-settings=\"{&quot;jet_parallax_layout_list&quot;:[]}\">\n\t\t\t\t<div data-dce-title-color=\"#000000\" class=\"elementor-element elementor-element-e429a6b elementor-widget elementor-widget-heading\" data-id=\"e429a6b\" data-element_type=\"widget\" data-e-type=\"widget\" data-widget_type=\"heading.default\">\n\t\t\t\t\t<h5 class=\"elementor-heading-title elementor-size-default\">Horario<\/h5>\t\t\t\t<\/div>\n\t\t\t\t<div data-dce-text-color=\"#000000\" class=\"elementor-element elementor-element-07aa5c6 elementor-widget elementor-widget-text-editor\" data-id=\"07aa5c6\" data-element_type=\"widget\" data-e-type=\"widget\" data-widget_type=\"text-editor.default\">\n\t\t\t\t\t\t\t\t\t<p>De lunes a viernes:<br>de 9.00 a 17.00 <span data-olk-copy-source=\"MessageBody\">GMT +1 (Par\u00eds)<\/span><\/p>\t\t\t\t\t\t\t\t<\/div>\n\t\t\t\t<\/div>\n\t\t\t\t<\/div>\n\t\t\t\t<\/div>\n\t\t\t\t<\/div>\n\t\t","protected":false},"excerpt":{"rendered":"<p>P\u00f3ngase en contacto con Un equipo disponible en cualquier lugar del mundo Nuestro equipo de ventas puede prestarle asistencia en cualquier lugar, gracias a nuestra presencia internacional y a nuestras oficinas en Francia, Espa\u00f1a y Estados Unidos. \u00bfTiene alguna pregunta, proyecto u oportunidad de colaboraci\u00f3n? Estamos aqu\u00ed para escucharle y darle una respuesta r\u00e1pida, clara [&hellip;]<\/p>\n","protected":false},"author":1,"featured_media":0,"parent":0,"menu_order":0,"comment_status":"closed","ping_status":"closed","template":"","meta":{"_acf_changed":false,"footnotes":""},"class_list":["post-313","page","type-page","status-publish","hentry"],"acf":[],"yoast_head":"<!-- This site is optimized with the Yoast SEO Premium plugin v27.1 (Yoast SEO v27.2) - https:\/\/yoast.com\/product\/yoast-seo-premium-wordpress\/ -->\n<title>P\u00f3ngase en contacto con nosotros - Domaine Michel Boutin<\/title>\n<meta name=\"robots\" content=\"index, follow, max-snippet:-1, max-image-preview:large, max-video-preview:-1\" \/>\n<link rel=\"canonical\" href=\"https:\/\/domainesmichelboutin.com\/es\/nous-contacter\/\" \/>\n<meta property=\"og:locale\" content=\"es_ES\" \/>\n<meta property=\"og:type\" content=\"article\" \/>\n<meta property=\"og:title\" content=\"P\u00f3ngase en contacto con nosotros\" \/>\n<meta property=\"og:description\" content=\"P\u00f3ngase en contacto con Un equipo disponible en cualquier lugar del mundo Nuestro equipo de ventas puede prestarle asistencia en cualquier lugar, gracias a nuestra presencia internacional y a nuestras oficinas en Francia, Espa\u00f1a y Estados Unidos. \u00bfTiene alguna pregunta, proyecto u oportunidad de colaboraci\u00f3n? Estamos aqu\u00ed para escucharle y darle una respuesta r\u00e1pida, clara [&hellip;]\" \/>\n<meta property=\"og:url\" content=\"https:\/\/domainesmichelboutin.com\/es\/nous-contacter\/\" \/>\n<meta property=\"og:site_name\" content=\"Domaine Michel Boutin\" \/>\n<meta property=\"article:modified_time\" content=\"2025-06-10T06:50:53+00:00\" \/>\n<meta name=\"twitter:card\" content=\"summary_large_image\" \/>\n<!-- \/ Yoast SEO Premium plugin. -->","yoast_head_json":{"title":"P\u00f3ngase en contacto con nosotros - Domaine Michel Boutin","robots":{"index":"index","follow":"follow","max-snippet":"max-snippet:-1","max-image-preview":"max-image-preview:large","max-video-preview":"max-video-preview:-1"},"canonical":"https:\/\/domainesmichelboutin.com\/es\/nous-contacter\/","og_locale":"es_ES","og_type":"article","og_title":"P\u00f3ngase en contacto con nosotros","og_description":"P\u00f3ngase en contacto con Un equipo disponible en cualquier lugar del mundo Nuestro equipo de ventas puede prestarle asistencia en cualquier lugar, gracias a nuestra presencia internacional y a nuestras oficinas en Francia, Espa\u00f1a y Estados Unidos. \u00bfTiene alguna pregunta, proyecto u oportunidad de colaboraci\u00f3n? Estamos aqu\u00ed para escucharle y darle una respuesta r\u00e1pida, clara [&hellip;]","og_url":"https:\/\/domainesmichelboutin.com\/es\/nous-contacter\/","og_site_name":"Domaine Michel Boutin","article_modified_time":"2025-06-10T06:50:53+00:00","twitter_card":"summary_large_image","schema":{"@context":"https:\/\/schema.org","@graph":[{"@type":"WebPage","@id":"https:\/\/domainesmichelboutin.com\/es\/nous-contacter\/","url":"https:\/\/domainesmichelboutin.com\/es\/nous-contacter\/","name":"P\u00f3ngase en contacto con nosotros - Domaine Michel Boutin","isPartOf":{"@id":"https:\/\/domainesmichelboutin.com\/es\/#website"},"datePublished":"2025-01-14T14:02:24+00:00","dateModified":"2025-06-10T06:50:53+00:00","breadcrumb":{"@id":"https:\/\/domainesmichelboutin.com\/es\/nous-contacter\/#breadcrumb"},"inLanguage":"es","potentialAction":[{"@type":"ReadAction","target":["https:\/\/domainesmichelboutin.com\/es\/nous-contacter\/"]}]},{"@type":"BreadcrumbList","@id":"https:\/\/domainesmichelboutin.com\/es\/nous-contacter\/#breadcrumb","itemListElement":[{"@type":"ListItem","position":1,"name":"Accueil","item":"https:\/\/domainesmichelboutin.com\/es\/"},{"@type":"ListItem","position":2,"name":"P\u00f3ngase en contacto con nosotros"}]},{"@type":"WebSite","@id":"https:\/\/domainesmichelboutin.com\/es\/#website","url":"https:\/\/domainesmichelboutin.com\/es\/","name":"Domaine Michel Boutin","description":"","publisher":{"@id":"https:\/\/domainesmichelboutin.com\/es\/#organization"},"potentialAction":[{"@type":"SearchAction","target":{"@type":"EntryPoint","urlTemplate":"https:\/\/domainesmichelboutin.com\/es\/?s={search_term_string}"},"query-input":{"@type":"PropertyValueSpecification","valueRequired":true,"valueName":"search_term_string"}}],"inLanguage":"es"},{"@type":"Organization","@id":"https:\/\/domainesmichelboutin.com\/es\/#organization","name":"Domaine Michel Boutin","url":"https:\/\/domainesmichelboutin.com\/es\/","logo":{"@type":"ImageObject","inLanguage":"es","@id":"https:\/\/domainesmichelboutin.com\/es\/#\/schema\/logo\/image\/","url":"https:\/\/domainesmichelboutin.com\/wp-content\/uploads\/sites\/6\/2025\/01\/Michel-Boutin-OK.png","contentUrl":"https:\/\/domainesmichelboutin.com\/wp-content\/uploads\/sites\/6\/2025\/01\/Michel-Boutin-OK.png","width":1983,"height":820,"caption":"Domaine Michel Boutin"},"image":{"@id":"https:\/\/domainesmichelboutin.com\/es\/#\/schema\/logo\/image\/"}}]}},"_links":{"self":[{"href":"https:\/\/domainesmichelboutin.com\/es\/wp-json\/wp\/v2\/pages\/313","targetHints":{"allow":["GET"]}}],"collection":[{"href":"https:\/\/domainesmichelboutin.com\/es\/wp-json\/wp\/v2\/pages"}],"about":[{"href":"https:\/\/domainesmichelboutin.com\/es\/wp-json\/wp\/v2\/types\/page"}],"author":[{"embeddable":true,"href":"https:\/\/domainesmichelboutin.com\/es\/wp-json\/wp\/v2\/users\/1"}],"replies":[{"embeddable":true,"href":"https:\/\/domainesmichelboutin.com\/es\/wp-json\/wp\/v2\/comments?post=313"}],"version-history":[{"count":140,"href":"https:\/\/domainesmichelboutin.com\/es\/wp-json\/wp\/v2\/pages\/313\/revisions"}],"predecessor-version":[{"id":3421,"href":"https:\/\/domainesmichelboutin.com\/es\/wp-json\/wp\/v2\/pages\/313\/revisions\/3421"}],"wp:attachment":[{"href":"https:\/\/domainesmichelboutin.com\/es\/wp-json\/wp\/v2\/media?parent=313"}],"curies":[{"name":"wp","href":"https:\/\/api.w.org\/{rel}","templated":true}]}}