{"id":309,"date":"2025-01-14T14:04:22","date_gmt":"2025-01-14T14:04:22","guid":{"rendered":"https:\/\/boutin.happidev10.ovh\/mentions-legales\/"},"modified":"2025-06-10T06:50:52","modified_gmt":"2025-06-10T06:50:52","slug":"mentions-legales","status":"publish","type":"page","link":"https:\/\/domainesmichelboutin.com\/es\/mentions-legales\/","title":{"rendered":"Informaci\u00f3n jur\u00eddica"},"content":{"rendered":"\t\t<div data-elementor-type=\"wp-page\" data-elementor-id=\"309\" class=\"elementor elementor-309 elementor-63\" data-elementor-post-type=\"page\">\n\t\t\t\t<div class=\"elementor-element elementor-element-ff8a9e7 e-con-full e-flex e-con e-parent\" data-id=\"ff8a9e7\" data-element_type=\"container\" data-e-type=\"container\" data-settings=\"{&quot;jet_parallax_layout_list&quot;:[]}\">\n\t\t\t\t<div class=\"elementor-element elementor-element-833f3c1 elementor-widget elementor-widget-heading\" data-id=\"833f3c1\" data-element_type=\"widget\" data-e-type=\"widget\" data-widget_type=\"heading.default\">\n\t\t\t\t\t<h2 class=\"elementor-heading-title elementor-size-default\">Informaci\u00f3n jur\u00eddica<\/h2>\t\t\t\t<\/div>\n\t\t\t\t<div class=\"elementor-element elementor-element-0927c3f elementor-widget elementor-widget-text-editor\" data-id=\"0927c3f\" data-element_type=\"widget\" data-e-type=\"widget\" data-widget_type=\"text-editor.default\">\n\t\t\t\t\t\t\t\t\t<p>El sitio https:\/\/www.boutin.fr est\u00e1 publicado por<\/p><p>Domaines Michel BOUTIN<\/p><p>Informaci\u00f3n jur\u00eddica sobre la empresa: SASU<\/p><p>Direcci\u00f3n: 330 Route de la Chapelle de Rousse 64290 GAN &#8211; Francia<\/p><p>IVA : FR25 819557240<\/p><p>N\u00famero de sirena: 819 557 240<\/p><p>DIRECTOR DE PUBLICACIONES<\/p><p>SASU Domaines Michel BOUTIN<\/p><p>330 Route de la Chapelle de Rousse<\/p><p>64290 GAN &#8211; Francia<\/p><p> <\/p><p>ALOJAMIENTO<\/p><p>OVH SAS au capital de 10 000 000 \u20ac RCS Roubaix &#8211; Tourcoing 424 761 419 00045 N\u00b0 TVA : FR 22 424 761 419 Si\u00e8ge social : 2 rue Kellermann &#8211; 59100 Roubaix &#8211; France.<\/p><p> <\/p><p>Este sitio respeta los derechos de autor. Quedan reservados todos los derechos de los autores de las obras protegidas reproducidas y comunicadas en este sitio. Salvo autorizaci\u00f3n, queda prohibido cualquier uso de las obras distinto de la reproducci\u00f3n y consulta individual y privada.  <\/p><p> <\/p><p>DATOS PERSONALES<\/p><p> <\/p><p>1\/ NATURALEZA DE LOS DATOS PERSONALES<\/p><p> <\/p><p>La informaci\u00f3n recogida es :<\/p><p>&#8211; Registro voluntario de su direcci\u00f3n de correo electr\u00f3nico autoriz\u00e1ndonos a enviarle nuestros boletines y ofertas promocionales.<\/p><p>&#8211; Datos procedentes de formularios de contacto o de solicitud de presupuesto (apellidos, nombre, direcci\u00f3n, n\u00famero de tel\u00e9fono, direcci\u00f3n de correo electr\u00f3nico, empresa, etc.).<\/p><p> <\/p><p>2\/ UTILIZACI\u00d3N DE LOS DATOS<\/p><p>La informaci\u00f3n recogida nos permite<\/p><p>&#8211; Para enviarle nuestros boletines y ofertas promocionales.<\/p><p>En ning\u00fan caso se transmitir\u00e1n sus datos personales a terceros.<\/p><p>De conformidad con la Ley francesa de Inform\u00e1tica y Libertades de 6 de enero de 1978, modificada en 2004, usted dispone de un derecho de acceso y de rectificaci\u00f3n de los datos que le conciernen, que puede ejercer envi\u00e1ndonos un correo electr\u00f3nico a trav\u00e9s del formulario de contacto o escribiendo a 330 Route de la Chapelle de Rousse 64290 GAN &#8211; Francia.<\/p><p>Tambi\u00e9n puede, por motivos leg\u00edtimos, oponerse al tratamiento de sus datos personales. Fotos y v\u00eddeos: Eric Traversier, Laurent Pascal, Pierre Cartron, Unsplash <\/p>\t\t\t\t\t\t\t\t<\/div>\n\t\t\t\t<\/div>\n\t\t\t\t<\/div>\n\t\t","protected":false},"excerpt":{"rendered":"<p>El sitio https:\/\/www.boutin.fr est\u00e1 publicado por Domaines Michel BOUTIN Informaci\u00f3n jur\u00eddica sobre la empresa: SASU Direcci\u00f3n: 330 Route de la Chapelle de Rousse 64290 GAN &#8211; Francia IVA : FR25 819557240 N\u00famero de sirena: 819 557 240 DIRECTOR DE PUBLICACIONES SASU Domaines Michel BOUTIN 330 Route de la Chapelle de Rousse 64290 GAN &#8211; Francia [&hellip;]<\/p>\n","protected":false},"author":1,"featured_media":0,"parent":0,"menu_order":0,"comment_status":"closed","ping_status":"closed","template":"","meta":{"_acf_changed":false,"footnotes":""},"class_list":["post-309","page","type-page","status-publish","hentry"],"acf":[],"yoast_head":"<!-- This site is optimized with the Yoast SEO Premium plugin v27.1 (Yoast SEO v27.2) - https:\/\/yoast.com\/product\/yoast-seo-premium-wordpress\/ -->\n<title>Informaci\u00f3n jur\u00eddica - Domaine Michel Boutin<\/title>\n<meta name=\"robots\" content=\"index, follow, max-snippet:-1, max-image-preview:large, max-video-preview:-1\" \/>\n<link rel=\"canonical\" href=\"https:\/\/domainesmichelboutin.com\/es\/mentions-legales\/\" \/>\n<meta property=\"og:locale\" content=\"es_ES\" \/>\n<meta property=\"og:type\" content=\"article\" \/>\n<meta property=\"og:title\" content=\"Informaci\u00f3n jur\u00eddica\" \/>\n<meta property=\"og:description\" content=\"El sitio https:\/\/www.boutin.fr est\u00e1 publicado por Domaines Michel BOUTIN Informaci\u00f3n jur\u00eddica sobre la empresa: SASU Direcci\u00f3n: 330 Route de la Chapelle de Rousse 64290 GAN &#8211; Francia IVA : FR25 819557240 N\u00famero de sirena: 819 557 240 DIRECTOR DE PUBLICACIONES SASU Domaines Michel BOUTIN 330 Route de la Chapelle de Rousse 64290 GAN &#8211; Francia [&hellip;]\" \/>\n<meta property=\"og:url\" content=\"https:\/\/domainesmichelboutin.com\/es\/mentions-legales\/\" \/>\n<meta property=\"og:site_name\" content=\"Domaine Michel Boutin\" \/>\n<meta property=\"article:modified_time\" content=\"2025-06-10T06:50:52+00:00\" \/>\n<meta name=\"twitter:card\" content=\"summary_large_image\" \/>\n<meta name=\"twitter:label1\" content=\"Tiempo de lectura\" \/>\n\t<meta name=\"twitter:data1\" content=\"1 minuto\" \/>\n<!-- \/ Yoast SEO Premium plugin. -->","yoast_head_json":{"title":"Informaci\u00f3n jur\u00eddica - Domaine Michel Boutin","robots":{"index":"index","follow":"follow","max-snippet":"max-snippet:-1","max-image-preview":"max-image-preview:large","max-video-preview":"max-video-preview:-1"},"canonical":"https:\/\/domainesmichelboutin.com\/es\/mentions-legales\/","og_locale":"es_ES","og_type":"article","og_title":"Informaci\u00f3n jur\u00eddica","og_description":"El sitio https:\/\/www.boutin.fr est\u00e1 publicado por Domaines Michel BOUTIN Informaci\u00f3n jur\u00eddica sobre la empresa: SASU Direcci\u00f3n: 330 Route de la Chapelle de Rousse 64290 GAN &#8211; Francia IVA : FR25 819557240 N\u00famero de sirena: 819 557 240 DIRECTOR DE PUBLICACIONES SASU Domaines Michel BOUTIN 330 Route de la Chapelle de Rousse 64290 GAN &#8211; Francia [&hellip;]","og_url":"https:\/\/domainesmichelboutin.com\/es\/mentions-legales\/","og_site_name":"Domaine Michel Boutin","article_modified_time":"2025-06-10T06:50:52+00:00","twitter_card":"summary_large_image","twitter_misc":{"Tiempo de lectura":"1 minuto"},"schema":{"@context":"https:\/\/schema.org","@graph":[{"@type":"WebPage","@id":"https:\/\/domainesmichelboutin.com\/es\/mentions-legales\/","url":"https:\/\/domainesmichelboutin.com\/es\/mentions-legales\/","name":"Informaci\u00f3n jur\u00eddica - Domaine Michel Boutin","isPartOf":{"@id":"https:\/\/domainesmichelboutin.com\/es\/#website"},"datePublished":"2025-01-14T14:04:22+00:00","dateModified":"2025-06-10T06:50:52+00:00","breadcrumb":{"@id":"https:\/\/domainesmichelboutin.com\/es\/mentions-legales\/#breadcrumb"},"inLanguage":"es","potentialAction":[{"@type":"ReadAction","target":["https:\/\/domainesmichelboutin.com\/es\/mentions-legales\/"]}]},{"@type":"BreadcrumbList","@id":"https:\/\/domainesmichelboutin.com\/es\/mentions-legales\/#breadcrumb","itemListElement":[{"@type":"ListItem","position":1,"name":"Accueil","item":"https:\/\/domainesmichelboutin.com\/es\/"},{"@type":"ListItem","position":2,"name":"Informaci\u00f3n jur\u00eddica"}]},{"@type":"WebSite","@id":"https:\/\/domainesmichelboutin.com\/es\/#website","url":"https:\/\/domainesmichelboutin.com\/es\/","name":"Domaine Michel Boutin","description":"","publisher":{"@id":"https:\/\/domainesmichelboutin.com\/es\/#organization"},"potentialAction":[{"@type":"SearchAction","target":{"@type":"EntryPoint","urlTemplate":"https:\/\/domainesmichelboutin.com\/es\/?s={search_term_string}"},"query-input":{"@type":"PropertyValueSpecification","valueRequired":true,"valueName":"search_term_string"}}],"inLanguage":"es"},{"@type":"Organization","@id":"https:\/\/domainesmichelboutin.com\/es\/#organization","name":"Domaine Michel Boutin","url":"https:\/\/domainesmichelboutin.com\/es\/","logo":{"@type":"ImageObject","inLanguage":"es","@id":"https:\/\/domainesmichelboutin.com\/es\/#\/schema\/logo\/image\/","url":"https:\/\/domainesmichelboutin.com\/wp-content\/uploads\/sites\/6\/2025\/01\/Michel-Boutin-OK.png","contentUrl":"https:\/\/domainesmichelboutin.com\/wp-content\/uploads\/sites\/6\/2025\/01\/Michel-Boutin-OK.png","width":1983,"height":820,"caption":"Domaine Michel Boutin"},"image":{"@id":"https:\/\/domainesmichelboutin.com\/es\/#\/schema\/logo\/image\/"}}]}},"_links":{"self":[{"href":"https:\/\/domainesmichelboutin.com\/es\/wp-json\/wp\/v2\/pages\/309","targetHints":{"allow":["GET"]}}],"collection":[{"href":"https:\/\/domainesmichelboutin.com\/es\/wp-json\/wp\/v2\/pages"}],"about":[{"href":"https:\/\/domainesmichelboutin.com\/es\/wp-json\/wp\/v2\/types\/page"}],"author":[{"embeddable":true,"href":"https:\/\/domainesmichelboutin.com\/es\/wp-json\/wp\/v2\/users\/1"}],"replies":[{"embeddable":true,"href":"https:\/\/domainesmichelboutin.com\/es\/wp-json\/wp\/v2\/comments?post=309"}],"version-history":[{"count":20,"href":"https:\/\/domainesmichelboutin.com\/es\/wp-json\/wp\/v2\/pages\/309\/revisions"}],"predecessor-version":[{"id":3418,"href":"https:\/\/domainesmichelboutin.com\/es\/wp-json\/wp\/v2\/pages\/309\/revisions\/3418"}],"wp:attachment":[{"href":"https:\/\/domainesmichelboutin.com\/es\/wp-json\/wp\/v2\/media?parent=309"}],"curies":[{"name":"wp","href":"https:\/\/api.w.org\/{rel}","templated":true}]}}