{"id":301,"date":"2025-01-27T11:01:36","date_gmt":"2025-01-27T11:01:36","guid":{"rendered":"https:\/\/boutin.happidev10.ovh\/michel-boutin\/"},"modified":"2025-09-02T12:52:08","modified_gmt":"2025-09-02T12:52:08","slug":"michel-boutin","status":"publish","type":"page","link":"https:\/\/domainesmichelboutin.com\/es\/michel-boutin\/","title":{"rendered":"Michel Boutin"},"content":{"rendered":"\t\t<div data-elementor-type=\"wp-page\" data-elementor-id=\"301\" class=\"elementor elementor-301 elementor-215\" data-elementor-post-type=\"page\">\n\t\t\t\t<div class=\"elementor-element elementor-element-318d7522 e-con-full e-flex e-con e-parent\" data-id=\"318d7522\" data-element_type=\"container\" data-e-type=\"container\" data-settings=\"{&quot;background_background&quot;:&quot;classic&quot;,&quot;jet_parallax_layout_list&quot;:[]}\">\n\t\t<div class=\"elementor-element elementor-element-3f9b60ce e-con-full e-flex e-con e-child\" data-id=\"3f9b60ce\" data-element_type=\"container\" data-e-type=\"container\" data-settings=\"{&quot;jet_parallax_layout_list&quot;:[]}\">\n\t\t\t\t<div class=\"elementor-element elementor-element-b2a9b77 elementor-blockquote--skin-quotation elementor-widget elementor-widget-blockquote\" data-id=\"b2a9b77\" data-element_type=\"widget\" data-e-type=\"widget\" data-widget_type=\"blockquote.default\">\n\t\t\t\t\t\t\t<blockquote class=\"elementor-blockquote\">\n\t\t\t<p class=\"elementor-blockquote__content\">\n\t\t\t\tComo una pasi\u00f3n que invade el alma y se extiende a tu alrededor, la profesi\u00f3n de viticultor, al igual que el arte, te da la oportunidad de expresarte y fundirte con la materia.<br><br>Como un escultor que trabaja la arcilla, he podido expresar mi visi\u00f3n de las uvas blancas en vinos secos cincelados, tensos y llenos de frescura, as\u00ed como en vinos dulces llenos de redondez, exquisitez y longitud.\t\t\t<\/p>\n\t\t\t\t\t<\/blockquote>\n\t\t\t\t\t\t<\/div>\n\t\t<div class=\"elementor-element elementor-element-13e27e6 e-con-full e-flex e-con e-child\" data-id=\"13e27e6\" data-element_type=\"container\" data-e-type=\"container\" data-settings=\"{&quot;jet_parallax_layout_list&quot;:[]}\">\n\t\t\t\t<div data-dce-text-color=\"#000000\" class=\"elementor-element elementor-element-f092223 elementor-widget elementor-widget-text-editor\" data-id=\"f092223\" data-element_type=\"widget\" data-e-type=\"widget\" data-widget_type=\"text-editor.default\">\n\t\t\t\t\t\t\t\t\t<p><strong>Mi nombre es Michel Boutin, estoy establecido en Juran\u00e7on, un vi\u00f1edo en pleno coraz\u00f3n del suroeste de Francia.<\/strong><\/p><p>Es bien sabido que el ser humano nunca est\u00e1 satisfecho con lo que tiene, as\u00ed que la idea de producir vino tinto naci\u00f3 en mi mente siempre en ebullici\u00f3n.<\/p><p>Como vivo en un terru\u00f1o de blancos, quer\u00eda mantener un v\u00ednculo entre mis blancos y estos futuros tintos.<\/p><p>Entonces, como si los Pirineos fueran un lugar fijo en mi mente, \u00a1decid\u00ed ir all\u00ed!<\/p><p>El enlace estaba ah\u00ed, y s\u00f3lo hab\u00eda que cruzarlo para llegar a las m\u00e1gicas tierras de Navarra y La Rioja.<\/p><p>De conversaciones a reuniones, y de reuniones a conversaciones, la<strong> familia Manzanos<\/strong>, afincada en <strong>Azagra<\/strong>, que deseaba transmitir su finca, me brind\u00f3 la oportunidad de convertirme en viticultor en Espa\u00f1a.<\/p>\t\t\t\t\t\t\t\t<\/div>\n\t\t\t\t<div class=\"elementor-element elementor-element-5d57e0f dce_masking-none elementor-widget elementor-widget-image\" data-id=\"5d57e0f\" data-element_type=\"widget\" data-e-type=\"widget\" data-widget_type=\"image.default\">\n\t\t\t\t\t\t\t\t\t\t\t\t\t\t\t<img fetchpriority=\"high\" decoding=\"async\" width=\"800\" height=\"861\" src=\"https:\/\/domainesmichelboutin.com\/wp-content\/uploads\/sites\/6\/2025\/05\/2025-03-22-06.40.50-MB-951x1024.jpg\" class=\"attachment-large size-large wp-image-2598\" alt=\"\" srcset=\"https:\/\/domainesmichelboutin.com\/wp-content\/uploads\/sites\/6\/2025\/05\/2025-03-22-06.40.50-MB-951x1024.jpg 951w, https:\/\/domainesmichelboutin.com\/wp-content\/uploads\/sites\/6\/2025\/05\/2025-03-22-06.40.50-MB-278x300.jpg 278w, https:\/\/domainesmichelboutin.com\/wp-content\/uploads\/sites\/6\/2025\/05\/2025-03-22-06.40.50-MB-768x827.jpg 768w, https:\/\/domainesmichelboutin.com\/wp-content\/uploads\/sites\/6\/2025\/05\/2025-03-22-06.40.50-MB.jpg 983w\" sizes=\"(max-width: 800px) 100vw, 800px\" \/>\t\t\t\t\t\t\t\t\t\t\t\t\t\t\t<\/div>\n\t\t\t\t<\/div>\n\t\t\t\t<div data-dce-text-color=\"#000000\" class=\"elementor-element elementor-element-0367121 elementor-widget elementor-widget-text-editor\" data-id=\"0367121\" data-element_type=\"widget\" data-e-type=\"widget\" data-widget_type=\"text-editor.default\">\n\t\t\t\t\t\t\t\t\t<p>Hoy he conseguido realizar parte de mi sue\u00f1o, \u00a1tener un pie a ambos lados de <strong>los Pirineos <\/strong>!<\/p><p>El <strong>suroeste de Francia<\/strong> para los blancos, <strong>Navarra<\/strong> y <strong>Rioja<\/strong> para los tintos, y ahora me toca a m\u00ed ayudarles a descubrir el ilimitado potencial de calidad de estos tres terru\u00f1os, todos los cuales comparten mi feroz deseo de hacer el bien.<\/p>\t\t\t\t\t\t\t\t<\/div>\n\t\t\t\t<div class=\"elementor-element elementor-element-e6264d4 elementor-widget elementor-widget-text-editor\" data-id=\"e6264d4\" data-element_type=\"widget\" data-e-type=\"widget\" data-widget_type=\"text-editor.default\">\n\t\t\t\t\t\t\t\t\t<p>Michel Boutin<\/p>\t\t\t\t\t\t\t\t<\/div>\n\t\t\t\t<\/div>\n\t\t\t\t<\/div>\n\t\t<!-- dce invisible element 16148d9 -->\t\t<\/div>\n\t\t","protected":false},"excerpt":{"rendered":"<p>Como una pasi\u00f3n que invade el alma y se extiende a tu alrededor, la profesi\u00f3n de viticultor, al igual que el arte, te da la oportunidad de expresarte y fundirte con la materia. Como un escultor que trabaja la arcilla, he podido expresar mi visi\u00f3n de las uvas blancas en vinos secos cincelados, tensos y [&hellip;]<\/p>\n","protected":false},"author":1,"featured_media":0,"parent":0,"menu_order":0,"comment_status":"closed","ping_status":"closed","template":"","meta":{"_acf_changed":false,"footnotes":""},"class_list":["post-301","page","type-page","status-publish","hentry"],"acf":[],"yoast_head":"<!-- This site is optimized with the Yoast SEO Premium plugin v27.1 (Yoast SEO v27.2) - https:\/\/yoast.com\/product\/yoast-seo-premium-wordpress\/ -->\n<title>Michel Boutin - Domaine Michel Boutin<\/title>\n<meta name=\"robots\" content=\"index, follow, max-snippet:-1, max-image-preview:large, max-video-preview:-1\" \/>\n<link rel=\"canonical\" href=\"https:\/\/domainesmichelboutin.com\/es\/michel-boutin\/\" \/>\n<meta property=\"og:locale\" content=\"es_ES\" \/>\n<meta property=\"og:type\" content=\"article\" \/>\n<meta property=\"og:title\" content=\"Michel Boutin\" \/>\n<meta property=\"og:description\" content=\"Como una pasi\u00f3n que invade el alma y se extiende a tu alrededor, la profesi\u00f3n de viticultor, al igual que el arte, te da la oportunidad de expresarte y fundirte con la materia. Como un escultor que trabaja la arcilla, he podido expresar mi visi\u00f3n de las uvas blancas en vinos secos cincelados, tensos y [&hellip;]\" \/>\n<meta property=\"og:url\" content=\"https:\/\/domainesmichelboutin.com\/es\/michel-boutin\/\" \/>\n<meta property=\"og:site_name\" content=\"Domaine Michel Boutin\" \/>\n<meta property=\"article:modified_time\" content=\"2025-09-02T12:52:08+00:00\" \/>\n<meta property=\"og:image\" content=\"https:\/\/domainesmichelboutin.com\/wp-content\/uploads\/sites\/6\/2025\/05\/2025-03-22-06.40.50-MB.jpg\" \/>\n\t<meta property=\"og:image:width\" content=\"983\" \/>\n\t<meta property=\"og:image:height\" content=\"1059\" \/>\n\t<meta property=\"og:image:type\" content=\"image\/jpeg\" \/>\n<meta name=\"twitter:card\" content=\"summary_large_image\" \/>\n<meta name=\"twitter:label1\" content=\"Tiempo de lectura\" \/>\n\t<meta name=\"twitter:data1\" content=\"1 minuto\" \/>\n<!-- \/ Yoast SEO Premium plugin. -->","yoast_head_json":{"title":"Michel Boutin - Domaine Michel Boutin","robots":{"index":"index","follow":"follow","max-snippet":"max-snippet:-1","max-image-preview":"max-image-preview:large","max-video-preview":"max-video-preview:-1"},"canonical":"https:\/\/domainesmichelboutin.com\/es\/michel-boutin\/","og_locale":"es_ES","og_type":"article","og_title":"Michel Boutin","og_description":"Como una pasi\u00f3n que invade el alma y se extiende a tu alrededor, la profesi\u00f3n de viticultor, al igual que el arte, te da la oportunidad de expresarte y fundirte con la materia. Como un escultor que trabaja la arcilla, he podido expresar mi visi\u00f3n de las uvas blancas en vinos secos cincelados, tensos y [&hellip;]","og_url":"https:\/\/domainesmichelboutin.com\/es\/michel-boutin\/","og_site_name":"Domaine Michel Boutin","article_modified_time":"2025-09-02T12:52:08+00:00","og_image":[{"width":983,"height":1059,"url":"https:\/\/domainesmichelboutin.com\/wp-content\/uploads\/sites\/6\/2025\/05\/2025-03-22-06.40.50-MB.jpg","type":"image\/jpeg"}],"twitter_card":"summary_large_image","twitter_misc":{"Tiempo de lectura":"1 minuto"},"schema":{"@context":"https:\/\/schema.org","@graph":[{"@type":"WebPage","@id":"https:\/\/domainesmichelboutin.com\/es\/michel-boutin\/","url":"https:\/\/domainesmichelboutin.com\/es\/michel-boutin\/","name":"Michel Boutin - Domaine Michel Boutin","isPartOf":{"@id":"https:\/\/domainesmichelboutin.com\/es\/#website"},"primaryImageOfPage":{"@id":"https:\/\/domainesmichelboutin.com\/es\/michel-boutin\/#primaryimage"},"image":{"@id":"https:\/\/domainesmichelboutin.com\/es\/michel-boutin\/#primaryimage"},"thumbnailUrl":"https:\/\/domainesmichelboutin.com\/wp-content\/uploads\/sites\/6\/2025\/05\/2025-03-22-06.40.50-MB-951x1024.jpg","datePublished":"2025-01-27T11:01:36+00:00","dateModified":"2025-09-02T12:52:08+00:00","breadcrumb":{"@id":"https:\/\/domainesmichelboutin.com\/es\/michel-boutin\/#breadcrumb"},"inLanguage":"es","potentialAction":[{"@type":"ReadAction","target":["https:\/\/domainesmichelboutin.com\/es\/michel-boutin\/"]}]},{"@type":"ImageObject","inLanguage":"es","@id":"https:\/\/domainesmichelboutin.com\/es\/michel-boutin\/#primaryimage","url":"https:\/\/domainesmichelboutin.com\/wp-content\/uploads\/sites\/6\/2025\/05\/2025-03-22-06.40.50-MB-951x1024.jpg","contentUrl":"https:\/\/domainesmichelboutin.com\/wp-content\/uploads\/sites\/6\/2025\/05\/2025-03-22-06.40.50-MB-951x1024.jpg"},{"@type":"BreadcrumbList","@id":"https:\/\/domainesmichelboutin.com\/es\/michel-boutin\/#breadcrumb","itemListElement":[{"@type":"ListItem","position":1,"name":"Accueil","item":"https:\/\/domainesmichelboutin.com\/es\/"},{"@type":"ListItem","position":2,"name":"Michel Boutin"}]},{"@type":"WebSite","@id":"https:\/\/domainesmichelboutin.com\/es\/#website","url":"https:\/\/domainesmichelboutin.com\/es\/","name":"Domaine Michel Boutin","description":"","publisher":{"@id":"https:\/\/domainesmichelboutin.com\/es\/#organization"},"potentialAction":[{"@type":"SearchAction","target":{"@type":"EntryPoint","urlTemplate":"https:\/\/domainesmichelboutin.com\/es\/?s={search_term_string}"},"query-input":{"@type":"PropertyValueSpecification","valueRequired":true,"valueName":"search_term_string"}}],"inLanguage":"es"},{"@type":"Organization","@id":"https:\/\/domainesmichelboutin.com\/es\/#organization","name":"Domaine Michel Boutin","url":"https:\/\/domainesmichelboutin.com\/es\/","logo":{"@type":"ImageObject","inLanguage":"es","@id":"https:\/\/domainesmichelboutin.com\/es\/#\/schema\/logo\/image\/","url":"https:\/\/domainesmichelboutin.com\/wp-content\/uploads\/sites\/6\/2025\/01\/Michel-Boutin-OK.png","contentUrl":"https:\/\/domainesmichelboutin.com\/wp-content\/uploads\/sites\/6\/2025\/01\/Michel-Boutin-OK.png","width":1983,"height":820,"caption":"Domaine Michel Boutin"},"image":{"@id":"https:\/\/domainesmichelboutin.com\/es\/#\/schema\/logo\/image\/"}}]}},"_links":{"self":[{"href":"https:\/\/domainesmichelboutin.com\/es\/wp-json\/wp\/v2\/pages\/301","targetHints":{"allow":["GET"]}}],"collection":[{"href":"https:\/\/domainesmichelboutin.com\/es\/wp-json\/wp\/v2\/pages"}],"about":[{"href":"https:\/\/domainesmichelboutin.com\/es\/wp-json\/wp\/v2\/types\/page"}],"author":[{"embeddable":true,"href":"https:\/\/domainesmichelboutin.com\/es\/wp-json\/wp\/v2\/users\/1"}],"replies":[{"embeddable":true,"href":"https:\/\/domainesmichelboutin.com\/es\/wp-json\/wp\/v2\/comments?post=301"}],"version-history":[{"count":42,"href":"https:\/\/domainesmichelboutin.com\/es\/wp-json\/wp\/v2\/pages\/301\/revisions"}],"predecessor-version":[{"id":3844,"href":"https:\/\/domainesmichelboutin.com\/es\/wp-json\/wp\/v2\/pages\/301\/revisions\/3844"}],"wp:attachment":[{"href":"https:\/\/domainesmichelboutin.com\/es\/wp-json\/wp\/v2\/media?parent=301"}],"curies":[{"name":"wp","href":"https:\/\/api.w.org\/{rel}","templated":true}]}}